{"id":95,"date":"2021-11-29T12:08:13","date_gmt":"2021-11-29T11:08:13","guid":{"rendered":"https:\/\/www.tuba-mute.com\/?page_id=95"},"modified":"2021-11-29T12:08:24","modified_gmt":"2021-11-29T11:08:24","slug":"schlipf-practice-mute","status":"publish","type":"page","link":"https:\/\/www.tuba-mute.com\/?page_id=95&lang=de","title":{"rendered":"SCHLIPF \u201ePRACTICE MUTE\u201c"},"content":{"rendered":"\n<style type=\"text\/css\" data-created_by=\"avia_inline_auto\" id=\"style-css-av-7za7b-fb31d3edba1c99b7284b8cd452b7189e\">\n.avia-section.av-7za7b-fb31d3edba1c99b7284b8cd452b7189e{\nbackground-color:#000000;\n}\n<\/style>\n<div id='av_section_1'  class='avia-section av-7za7b-fb31d3edba1c99b7284b8cd452b7189e main_color avia-section-default avia-no-border-styling  avia-builder-el-0  avia-builder-el-no-sibling  avia-bg-style-scroll  container_wrap fullsize'  ><div class='container av-section-cont-open' ><main  role=\"main\" itemprop=\"mainContentOfPage\"  class='template-page content  av-content-full alpha units'><div class='post-entry post-entry-type-page post-entry-95'><div class='entry-content-wrapper clearfix'>\n\n<style type=\"text\/css\" data-created_by=\"avia_inline_auto\" id=\"style-css-av-kwkkfnqk-9772db5f121789495625f97dae7ef156\">\n#top .av-special-heading.av-kwkkfnqk-9772db5f121789495625f97dae7ef156{\npadding-bottom:10px;\n}\n<\/style>\n<div  class='av-special-heading av-kwkkfnqk-9772db5f121789495625f97dae7ef156 av-special-heading-h1 blockquote modern-quote modern-centered  avia-builder-el-1  el_before_av_hr  avia-builder-el-first  '><h1 class='av-special-heading-tag '  itemprop=\"headline\"  >SCHLIPF <span class='special_amp'>\u201e<\/span>PRACTICE MUTE<span class='special_amp'>\u201c<\/span><\/h1><div class='special-heading-border'><div class='special-heading-inner-border'><\/div><\/div><\/div>\n<div  class='hr av-7opkj-eb1b17796e156c08c920e4d9f772e74f hr-default  avia-builder-el-2  el_after_av_heading  el_before_av_one_half  '><span class='hr-inner '><span class=\"hr-inner-style\"><\/span><\/span><\/div>\n<div class='flex_column av-pnrf-00f46d92d8ad3c7586ab96697c0a2148 av_one_half  avia-builder-el-3  el_after_av_hr  el_before_av_one_half  first flex_column_div '   ><section  class='av_textblock_section av-kwkkfvz1-849ab908a1e3318923fca363528053d8 '  itemscope=\"itemscope\" itemtype=\"https:\/\/schema.org\/CreativeWork\" ><div class='avia_textblock '  itemprop=\"text\" ><p class=\"p1\">Schlipf \u201ePractice Mute\u201c ist ein hervorragender \u00dcbungsd\u00e4mpfer. Er d\u00e4mpft auf Zimmer- lautst\u00e4rke und ist deswegen sehr gut zum \u00dcben auf Konzertreisen, in Hotels oder Wohnungen geeignet! Er ist sehr leicht \u2013 ca. 1 kg \u2013 und kann in der Tuba mittransportiert werden. Zugleich stellt er in der Tuba einen Schutz f\u00fcr den Schallbecher dar. Zus\u00e4tzlich f\u00fchrt er zu einer Verbesserung der Luft- f\u00fchrung und erm\u00f6glicht ein konzentriertes Ansatztraining. Es gibt ihn in 16 Modellen<br \/>\nf\u00fcr alle Tubagr\u00f6\u00dfen.<\/p>\n<\/div><\/section><\/div><div class='flex_column av-63imb-d7df9266279dfab29c017dd681d87e9d av_one_half  avia-builder-el-5  el_after_av_one_half  avia-builder-el-last  flex_column_div '   ><style type=\"text\/css\" data-created_by=\"avia_inline_auto\" id=\"style-css-av-kwkki45t-bdf3319f85f4b36a0ec2beadf9168219\">\n.avia-image-container.av-kwkki45t-bdf3319f85f4b36a0ec2beadf9168219 .av-image-caption-overlay-center{\ncolor:#ffffff;\n}\n<\/style>\n<div  class='avia-image-container av-kwkki45t-bdf3319f85f4b36a0ec2beadf9168219 av-styling- avia-align-center  avia-builder-el-6  avia-builder-el-no-sibling  '  itemprop=\"image\" itemscope=\"itemscope\" itemtype=\"https:\/\/schema.org\/ImageObject\" ><div class=\"avia-image-container-inner\"><div class=\"avia-image-overlay-wrap\"><img decoding=\"async\" class='wp-image-96 avia-img-lazy-loading-not-96 avia_image' src=\"https:\/\/www.tuba-mute.com\/wp-content\/uploads\/2021\/11\/practicemute1-1.jpeg\" alt='' title='practicemute1'  height=\"501\" width=\"357\"  itemprop=\"thumbnailUrl\" srcset=\"https:\/\/www.tuba-mute.com\/wp-content\/uploads\/2021\/11\/practicemute1-1.jpeg 357w, https:\/\/www.tuba-mute.com\/wp-content\/uploads\/2021\/11\/practicemute1-1-214x300.jpeg 214w\" sizes=\"(max-width: 357px) 100vw, 357px\" \/><\/div><\/div><\/div><\/div>\n\n","protected":false},"excerpt":{"rendered":"","protected":false},"author":1,"featured_media":0,"parent":46,"menu_order":0,"comment_status":"closed","ping_status":"closed","template":"","meta":{"footnotes":""},"class_list":["post-95","page","type-page","status-publish","hentry"],"_links":{"self":[{"href":"https:\/\/www.tuba-mute.com\/index.php?rest_route=\/wp\/v2\/pages\/95","targetHints":{"allow":["GET"]}}],"collection":[{"href":"https:\/\/www.tuba-mute.com\/index.php?rest_route=\/wp\/v2\/pages"}],"about":[{"href":"https:\/\/www.tuba-mute.com\/index.php?rest_route=\/wp\/v2\/types\/page"}],"author":[{"embeddable":true,"href":"https:\/\/www.tuba-mute.com\/index.php?rest_route=\/wp\/v2\/users\/1"}],"replies":[{"embeddable":true,"href":"https:\/\/www.tuba-mute.com\/index.php?rest_route=%2Fwp%2Fv2%2Fcomments&post=95"}],"version-history":[{"count":2,"href":"https:\/\/www.tuba-mute.com\/index.php?rest_route=\/wp\/v2\/pages\/95\/revisions"}],"predecessor-version":[{"id":98,"href":"https:\/\/www.tuba-mute.com\/index.php?rest_route=\/wp\/v2\/pages\/95\/revisions\/98"}],"up":[{"embeddable":true,"href":"https:\/\/www.tuba-mute.com\/index.php?rest_route=\/wp\/v2\/pages\/46"}],"wp:attachment":[{"href":"https:\/\/www.tuba-mute.com\/index.php?rest_route=%2Fwp%2Fv2%2Fmedia&parent=95"}],"curies":[{"name":"wp","href":"https:\/\/api.w.org\/{rel}","templated":true}]}}