{"id":87,"date":"2021-11-22T16:18:24","date_gmt":"2021-11-22T15:18:24","guid":{"rendered":"http:\/\/www.tuba-mute.com\/?page_id=87"},"modified":"2021-12-13T14:33:25","modified_gmt":"2021-12-13T13:33:25","slug":"combi-mute-sir-straight-cup","status":"publish","type":"page","link":"https:\/\/www.tuba-mute.com\/?page_id=87&lang=de","title":{"rendered":"COMBI MUTE \u201eSIR\u201c STRAIGHT &#038; CUP"},"content":{"rendered":"\n<style type=\"text\/css\" data-created_by=\"avia_inline_auto\" id=\"style-css-av-8f6yj-617777e8b87648827b9addb9fa0c0ae8\">\n.avia-section.av-8f6yj-617777e8b87648827b9addb9fa0c0ae8{\nbackground-color:#000000;\n}\n<\/style>\n<div id='av_section_1'  class='avia-section av-8f6yj-617777e8b87648827b9addb9fa0c0ae8 main_color avia-section-default avia-no-border-styling  avia-builder-el-0  avia-builder-el-no-sibling  avia-bg-style-scroll  container_wrap fullsize'  ><div class='container av-section-cont-open' ><main  role=\"main\" itemprop=\"mainContentOfPage\"  class='template-page content  av-content-full alpha units'><div class='post-entry post-entry-type-page post-entry-87'><div class='entry-content-wrapper clearfix'>\n\n<style type=\"text\/css\" data-created_by=\"avia_inline_auto\" id=\"style-css-av-kwatbj54-9bace90afaadd4553cc0a48f92d8ac1a\">\n#top .av-special-heading.av-kwatbj54-9bace90afaadd4553cc0a48f92d8ac1a{\npadding-bottom:10px;\n}\n<\/style>\n<div  class='av-special-heading av-kwatbj54-9bace90afaadd4553cc0a48f92d8ac1a av-special-heading-h1 blockquote modern-quote modern-centered  avia-builder-el-1  el_before_av_hr  avia-builder-el-first  '><h1 class='av-special-heading-tag '  itemprop=\"headline\"  >Combi Mute <span class='special_amp'>\u201e<\/span>Sir<span class='special_amp'>\u201c<\/span> Straight <span class='special_amp'>&amp;<\/span> Cup<\/h1><div class='special-heading-border'><div class='special-heading-inner-border'><\/div><\/div><\/div>\n<div  class='hr av-t1ij-5e3a9c5602c81069da6691691d244f79 hr-default  avia-builder-el-2  el_after_av_heading  el_before_av_one_third  '><span class='hr-inner '><span class=\"hr-inner-style\"><\/span><\/span><\/div>\n<div class='flex_column av-7pntn-3ff2ebcab94c083d5e358fc4c82a655a av_one_third  avia-builder-el-3  el_after_av_hr  el_before_av_one_third  first flex_column_div '   ><section  class='av_textblock_section av-kwatc1dv-80317ee011e58fd6caa08b717e319cbe '  itemscope=\"itemscope\" itemtype=\"https:\/\/schema.org\/CreativeWork\" ><div class='avia_textblock '  itemprop=\"text\" ><p class=\"p1\">Das patentierte System von Straight &amp; Cupaufsatz mit einer Auswahl an rund 20 verschiedene Gr\u00f6\u00dfen bietet dem Tubisten v\u00f6llig neue Klagfarben f\u00fcr die Tuba. Es erm\u00f6glicht im Orchester oder Ensemble folgende Variationen:<\/p>\n<p class=\"p1\">1) STRAIGHT MUTE \u201eVIENNA\u201c:<\/p>\n<p class=\"p1\">Orchesterstandard<\/p>\n<p class=\"p1\">2) STRAIGHT MUTE &amp; CUP \u201eSIR\u201c:<\/p>\n<p class=\"p1\">Der Ton geht in die Breite und integriert sich besser im Orchester \/ Ensemble<\/p>\n<p class=\"p1\">3) STRAIGHT MUTE &amp; CUP \u201eSIR\u201c &amp; Schaumstoffring innen:<\/p>\n<p class=\"p1\">Harmonischer w\u00e4rmerer Klang<\/p>\n<p class=\"p1\">4) STRAIGHT MUTE &amp; CUP \u201eSIR\u201c &amp; Schaumstoffring innen &amp; Schaumstoffring gerade:<\/p>\n<p class=\"p1\">Klassischer Bucket Sound<\/p>\n<p class=\"p1\">Gewidmet ist dieser D\u00e4mpfer \u201eSIR\u201c Prof. Nikolaus Schafferer (Professor f\u00fcr Tuba an der Universit\u00e4t f\u00fcr Musik und darstellende Kunst Wien, Tubist der Wiener Symphoniker, gestorben 2012)<\/p>\n<\/div><\/section><\/div><div class='flex_column av-6gq2r-68f50264f0b7e1f092a06f21a7051cff av_one_third  avia-builder-el-5  el_after_av_one_third  el_before_av_one_third  flex_column_div '   ><style type=\"text\/css\" data-created_by=\"avia_inline_auto\" id=\"style-css-av-kwatcdqz-356eac63fb0c5815419436dcc8c3ac5a\">\n.avia-image-container.av-kwatcdqz-356eac63fb0c5815419436dcc8c3ac5a .av-image-caption-overlay-center{\ncolor:#ffffff;\n}\n<\/style>\n<div  class='avia-image-container av-kwatcdqz-356eac63fb0c5815419436dcc8c3ac5a av-styling- avia-align-center  avia-builder-el-6  avia-builder-el-no-sibling  '  itemprop=\"image\" itemscope=\"itemscope\" itemtype=\"https:\/\/schema.org\/ImageObject\" ><div class=\"avia-image-container-inner\"><div class=\"avia-image-overlay-wrap\"><img decoding=\"async\" class='wp-image-30 avia-img-lazy-loading-not-30 avia_image' src=\"https:\/\/www.tuba-mute.com\/wp-content\/uploads\/2021\/11\/combimutesir.jpeg\" alt='' title='combimutesir'  height=\"437\" width=\"340\"  itemprop=\"thumbnailUrl\" srcset=\"https:\/\/www.tuba-mute.com\/wp-content\/uploads\/2021\/11\/combimutesir.jpeg 340w, https:\/\/www.tuba-mute.com\/wp-content\/uploads\/2021\/11\/combimutesir-233x300.jpeg 233w\" sizes=\"(max-width: 340px) 100vw, 340px\" \/><\/div><\/div><\/div><\/div><div class='flex_column av-71psb-7c8ad95e16384d69df4120dac4365c61 av_one_third  avia-builder-el-7  el_after_av_one_third  avia-builder-el-last  flex_column_div '   ><style type=\"text\/css\" data-created_by=\"avia_inline_auto\" id=\"style-css-av-kwatcnh0-f495cdd5a2a6855c546cf9ae1de3fbea\">\n.avia-image-container.av-kwatcnh0-f495cdd5a2a6855c546cf9ae1de3fbea .av-image-caption-overlay-center{\ncolor:#ffffff;\n}\n<\/style>\n<div  class='avia-image-container av-kwatcnh0-f495cdd5a2a6855c546cf9ae1de3fbea av-styling- avia-align-center  avia-builder-el-8  avia-builder-el-no-sibling  '  itemprop=\"image\" itemscope=\"itemscope\" itemtype=\"https:\/\/schema.org\/ImageObject\" ><div class=\"avia-image-container-inner\"><div class=\"avia-image-overlay-wrap\"><img decoding=\"async\" class='wp-image-81 avia-img-lazy-loading-not-81 avia_image' src=\"https:\/\/www.tuba-mute.com\/wp-content\/uploads\/2021\/11\/straightmutevienna2-2.jpeg\" alt='' title='straightmutevienna2 2'  height=\"342\" width=\"208\"  itemprop=\"thumbnailUrl\" srcset=\"https:\/\/www.tuba-mute.com\/wp-content\/uploads\/2021\/11\/straightmutevienna2-2.jpeg 208w, https:\/\/www.tuba-mute.com\/wp-content\/uploads\/2021\/11\/straightmutevienna2-2-182x300.jpeg 182w\" sizes=\"(max-width: 208px) 100vw, 208px\" \/><\/div><\/div><\/div><\/div>\n","protected":false},"excerpt":{"rendered":"","protected":false},"author":1,"featured_media":0,"parent":46,"menu_order":0,"comment_status":"closed","ping_status":"closed","template":"","meta":{"footnotes":""},"class_list":["post-87","page","type-page","status-publish","hentry"],"_links":{"self":[{"href":"https:\/\/www.tuba-mute.com\/index.php?rest_route=\/wp\/v2\/pages\/87","targetHints":{"allow":["GET"]}}],"collection":[{"href":"https:\/\/www.tuba-mute.com\/index.php?rest_route=\/wp\/v2\/pages"}],"about":[{"href":"https:\/\/www.tuba-mute.com\/index.php?rest_route=\/wp\/v2\/types\/page"}],"author":[{"embeddable":true,"href":"https:\/\/www.tuba-mute.com\/index.php?rest_route=\/wp\/v2\/users\/1"}],"replies":[{"embeddable":true,"href":"https:\/\/www.tuba-mute.com\/index.php?rest_route=%2Fwp%2Fv2%2Fcomments&post=87"}],"version-history":[{"count":6,"href":"https:\/\/www.tuba-mute.com\/index.php?rest_route=\/wp\/v2\/pages\/87\/revisions"}],"predecessor-version":[{"id":138,"href":"https:\/\/www.tuba-mute.com\/index.php?rest_route=\/wp\/v2\/pages\/87\/revisions\/138"}],"up":[{"embeddable":true,"href":"https:\/\/www.tuba-mute.com\/index.php?rest_route=\/wp\/v2\/pages\/46"}],"wp:attachment":[{"href":"https:\/\/www.tuba-mute.com\/index.php?rest_route=%2Fwp%2Fv2%2Fmedia&parent=87"}],"curies":[{"name":"wp","href":"https:\/\/api.w.org\/{rel}","templated":true}]}}