{"id":108,"date":"2021-11-29T12:24:23","date_gmt":"2021-11-29T11:24:23","guid":{"rendered":"https:\/\/www.tuba-mute.com\/?page_id=108"},"modified":"2021-11-29T12:24:23","modified_gmt":"2021-11-29T11:24:23","slug":"tour-mute","status":"publish","type":"page","link":"https:\/\/www.tuba-mute.com\/?page_id=108&lang=de","title":{"rendered":"TOUR MUTE"},"content":{"rendered":"\n<style type=\"text\/css\" data-created_by=\"avia_inline_auto\" id=\"style-css-av-av_section-033f752e5441cd3bb30da95a5e266a2f\">\n.avia-section.av-av_section-033f752e5441cd3bb30da95a5e266a2f{\nbackground-color:#000000;\n}\n<\/style>\n<div id='av_section_1'  class='avia-section av-av_section-033f752e5441cd3bb30da95a5e266a2f main_color avia-section-default avia-no-border-styling  avia-builder-el-0  el_before_av_section  avia-builder-el-first  avia-bg-style-scroll  container_wrap fullsize'  ><div class='container av-section-cont-open' ><main  role=\"main\" itemprop=\"mainContentOfPage\"  class='template-page content  av-content-full alpha units'><div class='post-entry post-entry-type-page post-entry-108'><div class='entry-content-wrapper clearfix'>\n\n<style type=\"text\/css\" data-created_by=\"avia_inline_auto\" id=\"style-css-av-kwkkzq2i-177cf88c2ca8e979014d16748b3fb460\">\n#top .av-special-heading.av-kwkkzq2i-177cf88c2ca8e979014d16748b3fb460{\npadding-bottom:10px;\n}\n<\/style>\n<div  class='av-special-heading av-kwkkzq2i-177cf88c2ca8e979014d16748b3fb460 av-special-heading-h1 blockquote modern-quote modern-centered  avia-builder-el-1  el_before_av_hr  avia-builder-el-first  '><h1 class='av-special-heading-tag '  itemprop=\"headline\"  >TOUR MUTE<\/h1><div class='special-heading-border'><div class='special-heading-inner-border'><\/div><\/div><\/div>\n<div  class='hr av-av_hr-91d7ccd583a503147498e120fee2ff9b hr-default  avia-builder-el-2  el_after_av_heading  el_before_av_one_half  '><span class='hr-inner '><span class=\"hr-inner-style\"><\/span><\/span><\/div>\n<div class='flex_column av-av_one_half-a93934ecd89fbb8a9566d39e89cd3725 av_one_half  avia-builder-el-3  el_after_av_hr  el_before_av_one_half  first flex_column_div '   ><section  class='av_textblock_section av-kwkkzy25-9282a1f81642e535eaadf14d43ada90b '  itemscope=\"itemscope\" itemtype=\"https:\/\/schema.org\/CreativeWork\" ><div class='avia_textblock '  itemprop=\"text\" ><p class=\"p1\">Patentierter Reised\u00e4mpfer f\u00fcr den professionellen Euphonisten.<\/p>\n<p class=\"p1\">Er ist Konzert- und \u00dcbungsd\u00e4mpfer in einem. Dieser D\u00e4mpfer ist zerlegbar und dadurch bequem im Euphonium zu transportieren.<\/p>\n<\/div><\/section><\/div><div class='flex_column av-av_one_half-d06667205e6186ec8414c6eb7605d406 av_one_half  avia-builder-el-5  el_after_av_one_half  avia-builder-el-last  flex_column_div '   ><style type=\"text\/css\" data-created_by=\"avia_inline_auto\" id=\"style-css-av-kwkl0gh3-d6e5579ca0beda1149aab2e85a9be6d5\">\n.avia-image-container.av-kwkl0gh3-d6e5579ca0beda1149aab2e85a9be6d5 .av-image-caption-overlay-center{\ncolor:#ffffff;\n}\n<\/style>\n<div  class='avia-image-container av-kwkl0gh3-d6e5579ca0beda1149aab2e85a9be6d5 av-styling- avia-align-center  avia-builder-el-6  avia-builder-el-no-sibling  '  itemprop=\"image\" itemscope=\"itemscope\" itemtype=\"https:\/\/schema.org\/ImageObject\" ><div class=\"avia-image-container-inner\"><div class=\"avia-image-overlay-wrap\"><img decoding=\"async\" class='wp-image-109 avia-img-lazy-loading-not-109 avia_image' src=\"https:\/\/www.tuba-mute.com\/wp-content\/uploads\/2021\/11\/tourmute1-1.jpeg\" alt='' title='tourmute1'  height=\"503\" width=\"358\"  itemprop=\"thumbnailUrl\" srcset=\"https:\/\/www.tuba-mute.com\/wp-content\/uploads\/2021\/11\/tourmute1-1.jpeg 358w, https:\/\/www.tuba-mute.com\/wp-content\/uploads\/2021\/11\/tourmute1-1-214x300.jpeg 214w\" sizes=\"(max-width: 358px) 100vw, 358px\" \/><\/div><\/div><\/div><\/div><\/div><\/div><\/main><!-- close content main element --><\/div><\/div>\n<style type=\"text\/css\" data-created_by=\"avia_inline_auto\" id=\"style-css-av-av_section-033f752e5441cd3bb30da95a5e266a2f\">\n.avia-section.av-av_section-033f752e5441cd3bb30da95a5e266a2f{\nbackground-color:#000000;\n}\n<\/style>\n<div id='av_section_2'  class='avia-section av-av_section-033f752e5441cd3bb30da95a5e266a2f main_color avia-section-default avia-no-border-styling  avia-builder-el-7  el_after_av_section  avia-builder-el-last  avia-bg-style-scroll  container_wrap fullsize'  ><div class='container av-section-cont-open' ><div class='template-page content  av-content-full alpha units'><div class='post-entry post-entry-type-page post-entry-108'><div class='entry-content-wrapper clearfix'>\n\n<style type=\"text\/css\" data-created_by=\"avia_inline_auto\" id=\"style-css-av-av_heading-442601bba62970bd329c771df9f4e9c3\">\n#top .av-special-heading.av-av_heading-442601bba62970bd329c771df9f4e9c3{\npadding-bottom:10px;\n}\n<\/style>\n<div  class='av-special-heading av-av_heading-442601bba62970bd329c771df9f4e9c3 av-special-heading-h1 blockquote modern-quote modern-centered  avia-builder-el-8  el_before_av_hr  avia-builder-el-first  '><h1 class='av-special-heading-tag '  itemprop=\"headline\"  >Straight Mute <span class='special_amp'>&#8222;<\/span>Vienna<span class='special_amp'>&#8220;<\/span><\/h1><div class='special-heading-border'><div class='special-heading-inner-border'><\/div><\/div><\/div>\n<div  class='hr av-av_hr-91d7ccd583a503147498e120fee2ff9b hr-default  avia-builder-el-9  el_after_av_heading  el_before_av_one_third  '><span class='hr-inner '><span class=\"hr-inner-style\"><\/span><\/span><\/div>\n<div class='flex_column av-av_one_third-a93934ecd89fbb8a9566d39e89cd3725 av_one_third  avia-builder-el-10  el_after_av_hr  el_before_av_one_third  first flex_column_div '   ><section  class='av_textblock_section av-av_textblock-32af9c344aeda5838e62bcf702809feb '  itemscope=\"itemscope\" itemtype=\"https:\/\/schema.org\/CreativeWork\" ><div class='avia_textblock '  itemprop=\"text\" ><p class=\"p1\">Dieser einzigartige D\u00e4mpfer mit dem patentierten Halte- und Griffsystem wurde f\u00fcr die Wiener Orchester entwickelt. Um h\u00f6chste Qualit\u00e4t f\u00fcr Intonation und Klang zu garantieren, gibt es rund 20 verschiedene Gr\u00f6\u00dfen, die auf jedes individuelle Tubamodell abgestimmt sind. Bitte geben sie bei jeder Bestellung immer die genaue TUBA &#8211; Modellbezeichnung an.<\/p>\n<\/div><\/section><\/div><div class='flex_column av-av_one_third-d06667205e6186ec8414c6eb7605d406 av_one_third  avia-builder-el-12  el_after_av_one_third  el_before_av_one_third  flex_column_div '   ><style type=\"text\/css\" data-created_by=\"avia_inline_auto\" id=\"style-css-av-av_image-8dd141f158feef99fa50f51fc1c817f6\">\n.avia-image-container.av-av_image-8dd141f158feef99fa50f51fc1c817f6 .av-image-caption-overlay-center{\ncolor:#ffffff;\n}\n<\/style>\n<div  class='avia-image-container av-av_image-8dd141f158feef99fa50f51fc1c817f6 av-styling- avia-align-center  avia-builder-el-13  avia-builder-el-no-sibling  '  itemprop=\"image\" itemscope=\"itemscope\" itemtype=\"https:\/\/schema.org\/ImageObject\" ><div class=\"avia-image-container-inner\"><div class=\"avia-image-overlay-wrap\"><img decoding=\"async\" class='wp-image-56 avia-img-lazy-loading-not-56 avia_image' src=\"https:\/\/www.tuba-mute.com\/wp-content\/uploads\/2021\/11\/straightmutevienna1-1.jpeg\" alt='' title='straightmutevienna1'  height=\"244\" width=\"309\"  itemprop=\"thumbnailUrl\" srcset=\"https:\/\/www.tuba-mute.com\/wp-content\/uploads\/2021\/11\/straightmutevienna1-1.jpeg 309w, https:\/\/www.tuba-mute.com\/wp-content\/uploads\/2021\/11\/straightmutevienna1-1-300x237.jpeg 300w\" sizes=\"(max-width: 309px) 100vw, 309px\" \/><\/div><\/div><\/div><\/div><div class='flex_column av-av_one_third-d06667205e6186ec8414c6eb7605d406 av_one_third  avia-builder-el-14  el_after_av_one_third  avia-builder-el-last  flex_column_div '   ><style type=\"text\/css\" data-created_by=\"avia_inline_auto\" id=\"style-css-av-av_image-f21a4e052d25b1c01fa05c79bd57e414\">\n.avia-image-container.av-av_image-f21a4e052d25b1c01fa05c79bd57e414 .av-image-caption-overlay-center{\ncolor:#ffffff;\n}\n<\/style>\n<div  class='avia-image-container av-av_image-f21a4e052d25b1c01fa05c79bd57e414 av-styling- avia-align-center  avia-builder-el-15  avia-builder-el-no-sibling  '  itemprop=\"image\" itemscope=\"itemscope\" itemtype=\"https:\/\/schema.org\/ImageObject\" ><div class=\"avia-image-container-inner\"><div class=\"avia-image-overlay-wrap\"><img decoding=\"async\" class='wp-image-81 avia-img-lazy-loading-not-81 avia_image' src=\"https:\/\/www.tuba-mute.com\/wp-content\/uploads\/2021\/11\/straightmutevienna2-2.jpeg\" alt='' title='straightmutevienna2 2'  height=\"342\" width=\"208\"  itemprop=\"thumbnailUrl\" srcset=\"https:\/\/www.tuba-mute.com\/wp-content\/uploads\/2021\/11\/straightmutevienna2-2.jpeg 208w, https:\/\/www.tuba-mute.com\/wp-content\/uploads\/2021\/11\/straightmutevienna2-2-182x300.jpeg 182w\" sizes=\"(max-width: 208px) 100vw, 208px\" \/><\/div><\/div><\/div><\/div>\n<\/p>\n","protected":false},"excerpt":{"rendered":"","protected":false},"author":1,"featured_media":0,"parent":102,"menu_order":0,"comment_status":"closed","ping_status":"closed","template":"","meta":{"footnotes":""},"class_list":["post-108","page","type-page","status-publish","hentry"],"_links":{"self":[{"href":"https:\/\/www.tuba-mute.com\/index.php?rest_route=\/wp\/v2\/pages\/108","targetHints":{"allow":["GET"]}}],"collection":[{"href":"https:\/\/www.tuba-mute.com\/index.php?rest_route=\/wp\/v2\/pages"}],"about":[{"href":"https:\/\/www.tuba-mute.com\/index.php?rest_route=\/wp\/v2\/types\/page"}],"author":[{"embeddable":true,"href":"https:\/\/www.tuba-mute.com\/index.php?rest_route=\/wp\/v2\/users\/1"}],"replies":[{"embeddable":true,"href":"https:\/\/www.tuba-mute.com\/index.php?rest_route=%2Fwp%2Fv2%2Fcomments&post=108"}],"version-history":[{"count":1,"href":"https:\/\/www.tuba-mute.com\/index.php?rest_route=\/wp\/v2\/pages\/108\/revisions"}],"predecessor-version":[{"id":110,"href":"https:\/\/www.tuba-mute.com\/index.php?rest_route=\/wp\/v2\/pages\/108\/revisions\/110"}],"up":[{"embeddable":true,"href":"https:\/\/www.tuba-mute.com\/index.php?rest_route=\/wp\/v2\/pages\/102"}],"wp:attachment":[{"href":"https:\/\/www.tuba-mute.com\/index.php?rest_route=%2Fwp%2Fv2%2Fmedia&parent=108"}],"curies":[{"name":"wp","href":"https:\/\/api.w.org\/{rel}","templated":true}]}}